{"id":816,"date":"2016-01-13T09:20:36","date_gmt":"2016-01-13T08:20:36","guid":{"rendered":"http:\/\/demo.oceanthemes.net\/mentor\/?page_id=59"},"modified":"2024-04-26T12:02:03","modified_gmt":"2024-04-26T10:02:03","slug":"a-propos","status":"publish","type":"page","link":"https:\/\/revistoncorps.com\/index.php\/a-propos\/","title":{"rendered":"Qui suis-je"},"content":{"rendered":"\t\t<div data-elementor-type=\"wp-page\" data-elementor-id=\"816\" class=\"elementor elementor-816\">\n\t\t\t\t\t\t<section class=\"elementor-section elementor-top-section elementor-element elementor-element-6f3b60a1 elementor-section-boxed elementor-section-height-default elementor-section-height-default\" data-id=\"6f3b60a1\" data-element_type=\"section\" data-e-type=\"section\">\n\t\t\t\t\t\t<div class=\"elementor-container elementor-column-gap-default\">\n\t\t\t\t\t<div class=\"elementor-column elementor-col-100 elementor-top-column elementor-element elementor-element-37c213fb ot-flex-column-vertical\" data-id=\"37c213fb\" data-element_type=\"column\" data-e-type=\"column\">\n\t\t\t<div class=\"elementor-widget-wrap elementor-element-populated\">\n\t\t\t\t\t\t<div class=\"elementor-element elementor-element-6cfed7b1 elementor-widget elementor-widget-text-editor\" data-id=\"6cfed7b1\" data-element_type=\"widget\" data-e-type=\"widget\" data-widget_type=\"text-editor.default\">\n\t\t\t\t<div class=\"elementor-widget-container\">\n\t\t\t\t\t\t\t\t\t[vc_row css=\u00a0\u00bb.vc_custom_1452678098680{padding-top: 60px !important;padding-bottom: 60px !important;}\u00a0\u00bb][vc_column width=\u00a0\u00bb1\/4&Prime;][\/vc_column][vc_column width=\u00a0\u00bb1\/4&Prime;][vc_single_image image=\u00a0\u00bb954&Prime; img_size=\u00a0\u00bbfull\u00a0\u00bb alignment=\u00a0\u00bbcenter\u00a0\u00bb style=\u00a0\u00bbvc_box_rounded\u00a0\u00bb css=\u00a0\u00bb.vc_custom_1512143738996{margin-bottom: 0px !important;}\u00a0\u00bb][\/vc_column][vc_column width=\u00a0\u00bb1\/4&Prime;][vc_custom_heading text=\u00a0\u00bbIsabelle DARGENT\u00a0\u00bb font_container=\u00a0\u00bbtag:h3|text_align:left|color:%2337b048&Prime; google_fonts=\u00a0\u00bbfont_family:Lato%3A100%2C100italic%2C300%2C300italic%2Cregular%2Citalic%2C700%2C700italic%2C900%2C900italic|font_style:700%20bold%20regular%3A700%3Anormal\u00a0\u00bb][vc_custom_heading text=\u00a0\u00bbNaturoth\u00e9rapeute passionn\u00e9e par les huiles essentielles, et coach en psycho neuro nutrition. \u00a0\u00bb font_container=\u00a0\u00bbtag:h4|text_align:left\u00a0\u00bb google_fonts=\u00a0\u00bbfont_family:Lato%3A100%2C100italic%2C300%2C300italic%2Cregular%2Citalic%2C700%2C700italic%2C900%2C900italic|font_style:400%20regular%3A400%3Anormal\u00a0\u00bb][vc_column_text]Je suis en fauteuil roulant depuis 16 ans suite \u00e0 un accident de la route.\r\n\r\nJ\u2019ai donc exp\u00e9riment\u00e9 grand nombre de m\u00e9dicaments, de r\u00e9gimes, de th\u00e9rapies alternatives, puis de plantes, d\u2019huiles essentielles et autres m\u00e9thodes.\r\n\r\nC\u2019est donc en connaissance de cause que j\u2019ai pass\u00e9 mes dipl\u00f4mes afin d\u2019aider un maximum de personnes \u00e0 soigner leurs maux de mani\u00e8re naturelle et efficace.[\/vc_column_text][\/vc_column][vc_column width=\u00a0\u00bb1\/4&Prime;][\/vc_column][\/vc_row][vc_row][vc_column][vc_custom_heading text=\u00a0\u00bbDipl\u00f4mes\u00a0\u00bb font_container=\u00a0\u00bbtag:h2|text_align:center\u00a0\u00bb google_fonts=\u00a0\u00bbfont_family:Lato%3A100%2C100italic%2C300%2C300italic%2Cregular%2Citalic%2C700%2C700italic%2C900%2C900italic|font_style:400%20regular%3A400%3Anormal\u00a0\u00bb][vc_empty_space][\/vc_column][\/vc_row][vc_row css=\u00a0\u00bb.vc_custom_1507643841601{padding-bottom: 50px !important;}\u00a0\u00bb][vc_column width=\u00a0\u00bb1\/3&Prime;][vc_icon icon_fontawesome=\u00a0\u00bbfa fa-graduation-cap\u00a0\u00bb color=\u00a0\u00bbwhite\u00a0\u00bb background_style=\u00a0\u00bbrounded\u00a0\u00bb background_color=\u00a0\u00bbcustom\u00a0\u00bb size=\u00a0\u00bblg\u00a0\u00bb align=\u00a0\u00bbcenter\u00a0\u00bb css_animation=\u00a0\u00bbtop-to-bottom\u00a0\u00bb custom_background_color=\u00a0\u00bb#37b048&Prime;][vc_column_text]\r\n<h4 style=\"text-align: center;\">Coach en psycho neuro nutrition<\/h4>\r\n<p style=\"text-align: center;\"><em>Institut des Neurosciences Appliqu\u00e9es \u00e0 Paris<\/em><\/p>\r\n[\/vc_column_text][\/vc_column][vc_column width=\u00a0\u00bb1\/3&Prime;][vc_icon icon_fontawesome=\u00a0\u00bbfa fa-graduation-cap\u00a0\u00bb color=\u00a0\u00bbwhite\u00a0\u00bb background_style=\u00a0\u00bbrounded\u00a0\u00bb background_color=\u00a0\u00bbcustom\u00a0\u00bb size=\u00a0\u00bblg\u00a0\u00bb align=\u00a0\u00bbcenter\u00a0\u00bb css_animation=\u00a0\u00bbtop-to-bottom\u00a0\u00bb custom_background_color=\u00a0\u00bb#37b048&Prime;][vc_column_text]\r\n<h4 style=\"text-align: center;\">Naturopathe<\/h4>\r\n<p style=\"text-align: center;\"><em>Ecole Shen Ti \u00e0 L\u2019Union<\/em><\/p>\r\n[\/vc_column_text][\/vc_column][vc_column width=\u00a0\u00bb1\/3&Prime;][vc_icon icon_fontawesome=\u00a0\u00bbfa fa-graduation-cap\u00a0\u00bb color=\u00a0\u00bbwhite\u00a0\u00bb background_style=\u00a0\u00bbrounded\u00a0\u00bb background_color=\u00a0\u00bbcustom\u00a0\u00bb size=\u00a0\u00bblg\u00a0\u00bb align=\u00a0\u00bbcenter\u00a0\u00bb css_animation=\u00a0\u00bbtop-to-bottom\u00a0\u00bb custom_background_color=\u00a0\u00bb#37b048&Prime;][vc_column_text]\r\n<h4 style=\"text-align: center;\">Aromath\u00e9rapeute<\/h4>\r\n<p style=\"text-align: center;\"><em>Universit\u00e9 de Li\u00e8ge<\/em><\/p>\r\n[\/vc_column_text][\/vc_column][\/vc_row]\t\t\t\t\t\t\t\t<\/div>\n\t\t\t\t<\/div>\n\t\t\t\t\t<\/div>\n\t\t<\/div>\n\t\t\t\t\t<\/div>\n\t\t<\/section>\n\t\t\t\t<\/div>\n\t\t","protected":false},"excerpt":{"rendered":"<p>[vc_row css=\u00a0\u00bb.vc_custom_1452678098680{padding-top: 60px !important;padding-bottom: 60px !important;}\u00a0\u00bb][vc_column width=\u00a0\u00bb1\/3&Prime;][\/vc_column][vc_column width=\u00a0\u00bb1\/3&Prime;][vc_single_image image=\u00a0\u00bb954&Prime; img_size=\u00a0\u00bbfull\u00a0\u00bb alignment=\u00a0\u00bbcenter\u00a0\u00bb style=\u00a0\u00bbvc_box_rounded\u00a0\u00bb css=\u00a0\u00bb.vc_custom_1512143738996{margin-bottom: 0px !important;}\u00a0\u00bb][vc_custom_heading text=\u00a0\u00bbIsabelle DARGENT\u00a0\u00bb font_container=\u00a0\u00bbtag:h3|text_align:left|color:%2337b048&Prime; google_fonts=\u00a0\u00bbfont_family:Lato%3A100%2C100italic%2C300%2C300italic%2Cregular%2Citalic%2C700%2C700italic%2C900%2C900italic|font_style:700%20bold%20regular%3A700%3Anormal\u00a0\u00bb][vc_custom_heading text=\u00a0\u00bbNaturoth\u00e9rapeute passionn\u00e9e par les huiles essentielles, et coach en psycho neuro [&hellip;]<\/p>\n","protected":false},"author":1,"featured_media":0,"parent":0,"menu_order":0,"comment_status":"closed","ping_status":"closed","template":"page-templates\/template-canvas.php","meta":{"footnotes":""},"class_list":["post-816","page","type-page","status-publish","hentry"],"_links":{"self":[{"href":"https:\/\/revistoncorps.com\/index.php\/wp-json\/wp\/v2\/pages\/816"}],"collection":[{"href":"https:\/\/revistoncorps.com\/index.php\/wp-json\/wp\/v2\/pages"}],"about":[{"href":"https:\/\/revistoncorps.com\/index.php\/wp-json\/wp\/v2\/types\/page"}],"author":[{"embeddable":true,"href":"https:\/\/revistoncorps.com\/index.php\/wp-json\/wp\/v2\/users\/1"}],"replies":[{"embeddable":true,"href":"https:\/\/revistoncorps.com\/index.php\/wp-json\/wp\/v2\/comments?post=816"}],"version-history":[{"count":18,"href":"https:\/\/revistoncorps.com\/index.php\/wp-json\/wp\/v2\/pages\/816\/revisions"}],"predecessor-version":[{"id":1193,"href":"https:\/\/revistoncorps.com\/index.php\/wp-json\/wp\/v2\/pages\/816\/revisions\/1193"}],"wp:attachment":[{"href":"https:\/\/revistoncorps.com\/index.php\/wp-json\/wp\/v2\/media?parent=816"}],"curies":[{"name":"wp","href":"https:\/\/api.w.org\/{rel}","templated":true}]}}