{"id":29,"date":"2017-10-05T14:31:22","date_gmt":"2017-10-05T12:31:22","guid":{"rendered":"http:\/\/revistoncorps.com\/?page_id=29"},"modified":"2022-03-04T18:48:07","modified_gmt":"2022-03-04T17:48:07","slug":"naturotherapie","status":"publish","type":"page","link":"https:\/\/revistoncorps.com\/index.php\/naturotherapie\/","title":{"rendered":"La Naturoth\u00e9rapie"},"content":{"rendered":"<p>[vc_row css=\u00a0\u00bb.vc_custom_1507564921629{padding-top: 35px !important;}\u00a0\u00bb][vc_column width=\u00a0\u00bb1\/6&Prime;][\/vc_column][vc_column width=\u00a0\u00bb4\/6&Prime;][vc_column_text]<\/p>\n<h2>La naturoth\u00e9rapie, qu\u2019est-ce-que c\u2019est ?<\/h2>\n<p>[\/vc_column_text][\/vc_column][vc_column width=\u00a0\u00bb1\/6&Prime;][\/vc_column][\/vc_row][vc_row][vc_column width=\u00a0\u00bb1\/6&Prime;][\/vc_column][vc_column width=\u00a0\u00bb4\/6&Prime;][vc_column_text css_animation=\u00a0\u00bbnone\u00a0\u00bb]Que cela soit pour la naturopathie, o\u00f9 son r\u00f4le sera plus ax\u00e9 vers la pr\u00e9vention des maladies avant qu\u2019elles n\u2019apparaissent en \u00e9tablissant un bilan de l\u2019hygi\u00e8ne de vie et en r\u00e9\u00e9quilibrant le fonctionnement de l\u2019organisme de l\u2019individu, la naturoth\u00e9rapie elle, est sensiblement la m\u00eame chose sauf que cette technique va s\u2019appliquer, non plus en pr\u00e9vention, mais lorsque la maladie est install\u00e9e. Le naturoth\u00e9rapeute va donc chercher la ou les causes de la maladie dans une approche et une compr\u00e9hension naturelle des signes et des ph\u00e9nom\u00e8nes cliniques, biologiques, physiques, physiologiques et psychologiques, et orienter le patient vers des solutions r\u00e9pondant pr\u00e9cis\u00e9ment \u00e0 son type de pathologie ou maladie.<\/p>\n<p>Pour r\u00e9sumer, ces deux appellations sont identiques, sauf que dans un cas on parlera de m\u00e9decine pr\u00e9ventive, et dans le second d\u2019une une <strong>m\u00e9decine curative<\/strong>.<\/p>\n<p>Le naturopathe n\u2019est pas un m\u00e9decin et ne se substitue pas \u00e0 la m\u00e9decine allopathique (occidentale), mais il est un compl\u00e9ment, un support.[\/vc_column_text][vc_empty_space][\/vc_column][vc_column width=\u00a0\u00bb1\/6&Prime;][\/vc_column][\/vc_row][vc_row][vc_column width=\u00a0\u00bb1\/6&Prime;][\/vc_column][vc_column width=\u00a0\u00bb4\/6&Prime;][vc_column_text]<\/p>\n<h2>Pourquoi consulter un naturoth\u00e9rapeute ?<\/h2>\n<p>[\/vc_column_text][\/vc_column][vc_column width=\u00a0\u00bb1\/6&Prime;][\/vc_column][\/vc_row][vc_row css=\u00a0\u00bb.vc_custom_1507564941502{padding-bottom: 50px !important;}\u00a0\u00bb][vc_column width=\u00a0\u00bb1\/6&Prime;][\/vc_column][vc_column width=\u00a0\u00bb4\/6&Prime;][vc_column_text css_animation=\u00a0\u00bbnone\u00a0\u00bb]<\/p>\n<p style=\"text-align: left;\">Toutes les pathologies peuvent b\u00e9n\u00e9ficier d\u2019une approche naturoth\u00e9rapeutique. De nombreuses techniques naturelles et autour des plantes sont utilis\u00e9es selon le cas\u00a0: iridologie, aromath\u00e9rapie, phytoth\u00e9rapie etc..<\/p>\n<p style=\"text-align: left;\">Par exemple, une personne souffrant d\u2019un cancer peut faire appel \u00e0 un naturoth\u00e9rapeute, non pas pour remplacer une radioth\u00e9rapie ou une chimioth\u00e9rapie, mais pour en att\u00e9nuer les effets.<\/p>\n<p style=\"text-align: left;\">Ou bien, une personne r\u00e9sistante \u00e0 beaucoup d\u2019antibiotiques pourra trouver une alternative \u00e0 ses infections urinaires \u00e0 r\u00e9p\u00e9titions gr\u00e2ce \u00e0 l\u2019aromath\u00e9rapie (huiles essentielles).<\/p>\n<p>[\/vc_column_text][\/vc_column][vc_column width=\u00a0\u00bb1\/6&Prime;][\/vc_column][\/vc_row]<\/p>\n","protected":false},"excerpt":{"rendered":"<p>[vc_row css=\u00a0\u00bb.vc_custom_1507564921629{padding-top: 35px !important;}\u00a0\u00bb][vc_column width=\u00a0\u00bb1\/6&Prime;][\/vc_column][vc_column width=\u00a0\u00bb4\/6&Prime;][vc_column_text] La naturoth\u00e9rapie, qu\u2019est-ce-que c\u2019est ? [\/vc_column_text][\/vc_column][vc_column width=\u00a0\u00bb1\/6&Prime;][\/vc_column][\/vc_row][vc_row][vc_column width=\u00a0\u00bb1\/6&Prime;][\/vc_column][vc_column width=\u00a0\u00bb4\/6&Prime;][vc_column_text css_animation=\u00a0\u00bbnone\u00a0\u00bb]Que cela soit pour la naturopathie, o\u00f9 son r\u00f4le sera plus ax\u00e9 vers la pr\u00e9vention [&hellip;]<\/p>\n","protected":false},"author":1,"featured_media":0,"parent":0,"menu_order":0,"comment_status":"closed","ping_status":"closed","template":"page-templates\/template-canvas.php","meta":{"footnotes":""},"class_list":["post-29","page","type-page","status-publish","hentry"],"_links":{"self":[{"href":"https:\/\/revistoncorps.com\/index.php\/wp-json\/wp\/v2\/pages\/29"}],"collection":[{"href":"https:\/\/revistoncorps.com\/index.php\/wp-json\/wp\/v2\/pages"}],"about":[{"href":"https:\/\/revistoncorps.com\/index.php\/wp-json\/wp\/v2\/types\/page"}],"author":[{"embeddable":true,"href":"https:\/\/revistoncorps.com\/index.php\/wp-json\/wp\/v2\/users\/1"}],"replies":[{"embeddable":true,"href":"https:\/\/revistoncorps.com\/index.php\/wp-json\/wp\/v2\/comments?post=29"}],"version-history":[{"count":7,"href":"https:\/\/revistoncorps.com\/index.php\/wp-json\/wp\/v2\/pages\/29\/revisions"}],"predecessor-version":[{"id":1079,"href":"https:\/\/revistoncorps.com\/index.php\/wp-json\/wp\/v2\/pages\/29\/revisions\/1079"}],"wp:attachment":[{"href":"https:\/\/revistoncorps.com\/index.php\/wp-json\/wp\/v2\/media?parent=29"}],"curies":[{"name":"wp","href":"https:\/\/api.w.org\/{rel}","templated":true}]}}