{"id":151,"date":"2016-01-14T08:31:28","date_gmt":"2016-01-14T07:31:28","guid":{"rendered":"http:\/\/demo.oceanthemes.net\/mentor\/?page_id=151"},"modified":"2022-03-07T09:06:44","modified_gmt":"2022-03-07T08:06:44","slug":"contact","status":"publish","type":"page","link":"https:\/\/revistoncorps.com\/index.php\/contact\/","title":{"rendered":"Contact"},"content":{"rendered":"<p>[vc_row][vc_column width=\u00a0\u00bb1\/6\u2033][\/vc_column][vc_column width=\u00a0\u00bb2\/3\u2033][vc_column_text]<\/p>\n<h2>Rencontrons-nous<\/h2>\n<p><span style=\"color: #fffff;\">Vous pouvez r\u00e9server en ligne votre rendez-vous \u00e0 l\u2019aide du calendrier ci-dessous.<\/span><\/p>\n<p><span style=\"color: #fffff;\">Si vous avez des questions n\u2019h\u00e9sitez pas \u00e0 me contacter via le formulaire de contact, je vous r\u00e9pondrai dans les plus brefs d\u00e9lais.<\/span>[\/vc_column_text][\/vc_column][vc_column width=\u00a0\u00bb1\/6\u2033][\/vc_column][\/vc_row][vc_row css=\u00a0\u00bb.vc_custom_1512144554487{padding-top: 60px !important;padding-bottom: 60px !important;background-image: url(http:\/\/revistoncorps.com\/wp-content\/uploads\/2016\/04\/Isabelle_Dargent_seance.jpg?id=956) !important;background-position: center !important;background-repeat: no-repeat !important;background-size: cover !important;}\u00a0\u00bb][vc_column width=\u00a0\u00bb1\/4\u2033][\/vc_column][vc_column width=\u00a0\u00bb1\/4\u2033][vc_column_text]<div class=\"booked-calendar-shortcode-wrap\"><div class=\"booked-calendar-wrap large\"><table class=\"booked-calendar\" data-calendar-date=\"2026-05-01\">\n\t\t<thead>\n\n\t\t\t\n\t\t\t<tr>\n\t\t\t\t<th colspan=\"7\">\n\t\t\t\t\t\t\t\t\t\t<span class=\"calendarSavingState\">\n\t\t\t\t\t\t<i class=\"booked-icon booked-icon-spinner-clock booked-icon-spin\"><\/i>\n\t\t\t\t\t<\/span>\n\t\t\t\t\t<span class=\"monthName\">\n\t\t\t\t\t\tmai 2026\t\t\t\t\t\t\t\t\t\t\t<\/span>\n\t\t\t\t\t<a href=\"#\" data-goto=\"2026-06-01\" class=\"page-right\"><i class=\"booked-icon booked-icon-arrow-right\"><\/i><\/a>\t\t\t\t<\/th>\n\t\t\t<\/tr>\n\t\t\t<tr class=\"days\">\n\t\t\t\t\t\t\t\t<th>lun<\/th>\n\t\t\t\t<th>mar<\/th>\n\t\t\t\t<th>mer<\/th>\n\t\t\t\t<th>jeu<\/th>\n\t\t\t\t<th>ven<\/th>\n\t\t\t\t<th>sam<\/th>\t\t\t\t<th>dim<\/th>\t\t\t<\/tr>\n\t\t<\/thead>\n\t\t<tbody><tr class=\"week\"><td data-date=\"2026-04-27\" class=\"prev-month prev-date\"><span class=\"date\"><span class=\"number\">27<\/span><\/span><\/td><td data-date=\"2026-04-28\" class=\"prev-month prev-date\"><span class=\"date\"><span class=\"number\">28<\/span><\/span><\/td><td data-date=\"2026-04-29\" class=\"prev-month prev-date\"><span class=\"date\"><span class=\"number\">29<\/span><\/span><\/td><td data-date=\"2026-04-30\" class=\"prev-month prev-date\"><span class=\"date\"><span class=\"number\">30<\/span><\/span><\/td><td data-date=\"2026-05-1\" class=\"prev-date\"><span class=\"date\"><span class=\"number\">1<\/span><\/span><\/td><td data-date=\"2026-05-2\" class=\"prev-date\"><span class=\"date\"><span class=\"number\">2<\/span><\/span><\/td><td data-date=\"2026-05-3\" class=\"prev-date\"><span class=\"date\"><span class=\"number\">3<\/span><\/span><\/td><\/tr><tr class=\"week\"><td data-date=\"2026-05-4\" class=\"prev-date\"><span class=\"date\"><span class=\"number\">4<\/span><\/span><\/td><td data-date=\"2026-05-5\" class=\"prev-date\"><span class=\"date\"><span class=\"number\">5<\/span><\/span><\/td><td data-date=\"2026-05-6\" class=\"prev-date\"><span class=\"date\"><span class=\"number\">6<\/span><\/span><\/td><td data-date=\"2026-05-7\" class=\"prev-date\"><span class=\"date\"><span class=\"number\">7<\/span><\/span><\/td><td data-date=\"2026-05-8\" class=\"prev-date\"><span class=\"date\"><span class=\"number\">8<\/span><\/span><\/td><td data-date=\"2026-05-9\" class=\"today\"><span class=\"date tooltipster\" title=\"3 Disponible\"><span class=\"number\">9<\/span><\/span><\/td><td data-date=\"2026-05-10\" class=\"prev-date\"><span class=\"date\"><span class=\"number\">10<\/span><\/span><\/td><\/tr><tr class=\"week\"><td data-date=\"2026-05-11\" class=\"\"><span class=\"date tooltipster\" title=\"3 Disponible\"><span class=\"number\">11<\/span><\/span><\/td><td data-date=\"2026-05-12\" class=\"\"><span class=\"date tooltipster\" title=\"4 Disponible\"><span class=\"number\">12<\/span><\/span><\/td><td data-date=\"2026-05-13\" class=\"\"><span class=\"date tooltipster\" title=\"5 Disponible\"><span class=\"number\">13<\/span><\/span><\/td><td data-date=\"2026-05-14\" class=\"\"><span class=\"date tooltipster\" title=\"4 Disponible\"><span class=\"number\">14<\/span><\/span><\/td><td data-date=\"2026-05-15\" class=\"\"><span class=\"date tooltipster\" title=\"6 Disponible\"><span class=\"number\">15<\/span><\/span><\/td><td data-date=\"2026-05-16\" class=\"\"><span class=\"date tooltipster\" title=\"7 Disponible\"><span class=\"number\">16<\/span><\/span><\/td><td data-date=\"2026-05-17\" class=\"prev-date\"><span class=\"date\"><span class=\"number\">17<\/span><\/span><\/td><\/tr><tr class=\"week\"><td data-date=\"2026-05-18\" class=\"\"><span class=\"date tooltipster\" title=\"3 Disponible\"><span class=\"number\">18<\/span><\/span><\/td><td data-date=\"2026-05-19\" class=\"\"><span class=\"date tooltipster\" title=\"4 Disponible\"><span class=\"number\">19<\/span><\/span><\/td><td data-date=\"2026-05-20\" class=\"\"><span class=\"date tooltipster\" title=\"5 Disponible\"><span class=\"number\">20<\/span><\/span><\/td><td data-date=\"2026-05-21\" class=\"\"><span class=\"date tooltipster\" title=\"4 Disponible\"><span class=\"number\">21<\/span><\/span><\/td><td data-date=\"2026-05-22\" class=\"\"><span class=\"date tooltipster\" title=\"6 Disponible\"><span class=\"number\">22<\/span><\/span><\/td><td data-date=\"2026-05-23\" class=\"\"><span class=\"date tooltipster\" title=\"7 Disponible\"><span class=\"number\">23<\/span><\/span><\/td><td data-date=\"2026-05-24\" class=\"prev-date\"><span class=\"date\"><span class=\"number\">24<\/span><\/span><\/td><\/tr><tr class=\"week\"><td data-date=\"2026-05-25\" class=\"\"><span class=\"date tooltipster\" title=\"3 Disponible\"><span class=\"number\">25<\/span><\/span><\/td><td data-date=\"2026-05-26\" class=\"\"><span class=\"date tooltipster\" title=\"4 Disponible\"><span class=\"number\">26<\/span><\/span><\/td><td data-date=\"2026-05-27\" class=\"\"><span class=\"date tooltipster\" title=\"5 Disponible\"><span class=\"number\">27<\/span><\/span><\/td><td data-date=\"2026-05-28\" class=\"\"><span class=\"date tooltipster\" title=\"4 Disponible\"><span class=\"number\">28<\/span><\/span><\/td><td data-date=\"2026-05-29\" class=\"\"><span class=\"date tooltipster\" title=\"6 Disponible\"><span class=\"number\">29<\/span><\/span><\/td><td data-date=\"2026-05-30\" class=\"\"><span class=\"date tooltipster\" title=\"7 Disponible\"><span class=\"number\">30<\/span><\/span><\/td><td data-date=\"2026-05-31\" class=\"prev-date\"><span class=\"date\"><span class=\"number\">31<\/span><\/span><\/td><\/tr>\t\t<\/tbody>\n\t<\/table><\/div><\/div>[\/vc_column_text][\/vc_column][vc_column width=\u00a0\u00bb1\/4\u2033][\/vc_column][vc_column width=\u00a0\u00bb1\/4\u2033][\/vc_column][\/vc_row][vc_row css=\u00a0\u00bb.vc_custom_1507628331116{padding-bottom: 60px !important;}\u00a0\u00bb][vc_column width=\u00a0\u00bb1\/4\u2033][\/vc_column][vc_column width=\u00a0\u00bb1\/2\u2033][vc_empty_space][vc_column_text]<\/p>\n<h2>Formulaire de contact<\/h2>\n\n<div class=\"wpcf7 no-js\" id=\"wpcf7-f11-o1\" lang=\"fr-FR\" dir=\"ltr\" data-wpcf7-id=\"11\">\n<div class=\"screen-reader-response\"><p role=\"status\" aria-live=\"polite\" aria-atomic=\"true\"><\/p> <ul><\/ul><\/div>\n<form action=\"\/index.php\/wp-json\/wp\/v2\/pages\/151#wpcf7-f11-o1\" method=\"post\" class=\"wpcf7-form init\" aria-label=\"Formulaire de contact\" novalidate=\"novalidate\" data-status=\"init\">\n<div style=\"display: none;\">\n<input type=\"hidden\" name=\"_wpcf7\" value=\"11\" \/>\n<input type=\"hidden\" name=\"_wpcf7_version\" value=\"6.0.6\" \/>\n<input type=\"hidden\" name=\"_wpcf7_locale\" value=\"fr_FR\" \/>\n<input type=\"hidden\" name=\"_wpcf7_unit_tag\" value=\"wpcf7-f11-o1\" \/>\n<input type=\"hidden\" name=\"_wpcf7_container_post\" value=\"0\" \/>\n<input type=\"hidden\" name=\"_wpcf7_posted_data_hash\" value=\"\" \/>\n<\/div>\n<div class=\"row\">\n\t<div class=\"col-md-6 col-sm-6\">\n\t\t<div class=\"form-group\">\n\t\t\t<p><span class=\"wpcf7-form-control-wrap\" data-name=\"your-name\"><input size=\"40\" maxlength=\"400\" class=\"wpcf7-form-control wpcf7-text wpcf7-validates-as-required form-control framed\" id=\"contact-form-name\" aria-required=\"true\" aria-invalid=\"false\" placeholder=\"Votre nom\" value=\"\" type=\"text\" name=\"your-name\" \/><\/span>\n\t\t\t<\/p>\n\t\t<\/div><!-- \/.form-group -->\n\t<\/div>\n\t<div class=\"col-md-6 col-sm-6\">\n\t\t<div class=\"form-group\">\n\t\t\t<p><span class=\"wpcf7-form-control-wrap\" data-name=\"your-email\"><input size=\"40\" maxlength=\"400\" class=\"wpcf7-form-control wpcf7-email wpcf7-validates-as-required wpcf7-text wpcf7-validates-as-email form-control framed\" id=\"contact-form-email\" aria-required=\"true\" aria-invalid=\"false\" placeholder=\"Votre e-mail\" value=\"\" type=\"email\" name=\"your-email\" \/><\/span>\n\t\t\t<\/p>\n\t\t<\/div><!-- \/.form-group -->\n\t<\/div>\n\t<div class=\"col-md-6 col-sm-6\">\n\t\t<div class=\"form-group\">\n\t\t\t<p><span class=\"wpcf7-form-control-wrap\" data-name=\"sujet\"><input size=\"40\" maxlength=\"400\" class=\"wpcf7-form-control wpcf7-text wpcf7-validates-as-required form-control framed\" id=\"votre-sujet\" aria-required=\"true\" aria-invalid=\"false\" placeholder=\"Sujet\" value=\"\" type=\"text\" name=\"sujet\" \/><\/span>\n\t\t\t<\/p>\n\t\t<\/div><!-- \/.form-group -->\n\t<\/div>\n<\/div>\n<div class=\"form-group\">\n\t<p><span class=\"wpcf7-form-control-wrap\" data-name=\"your-message\"><textarea cols=\"40\" rows=\"10\" maxlength=\"2000\" class=\"wpcf7-form-control wpcf7-textarea wpcf7-validates-as-required form-control framed\" id=\"contact-form-message\" aria-required=\"true\" aria-invalid=\"false\" placeholder=\"Votre message\" name=\"your-message\"><\/textarea><\/span>\n\t<\/p>\n<\/div>\n<div class=\"form-group\">\n\t<p>Concernant une s\u00e9ance de <span class=\"wpcf7-form-control-wrap\" data-name=\"la-seance\"><span class=\"wpcf7-form-control wpcf7-checkbox wpcf7-validates-as-required\"><span class=\"wpcf7-list-item first\"><label><input type=\"checkbox\" name=\"la-seance[]\" value=\"Naturoth\u00e9rapie\" \/><span class=\"wpcf7-list-item-label\">Naturoth\u00e9rapie<\/span><\/label><\/span><span class=\"wpcf7-list-item\"><label><input type=\"checkbox\" name=\"la-seance[]\" value=\"Psycho neuro nutrition\" \/><span class=\"wpcf7-list-item-label\">Psycho neuro nutrition<\/span><\/label><\/span><span class=\"wpcf7-list-item last\"><label><input type=\"checkbox\" name=\"la-seance[]\" value=\"Iridologie\" \/><span class=\"wpcf7-list-item-label\">Iridologie<\/span><\/label><\/span><\/span><\/span>\n\t<\/p>\n<\/div>\n\n\n\n\n<!-- \/.form-group -->\n<div class=\"form-group\">\n\t<p><input class=\"wpcf7-form-control wpcf7-submit has-spinner btn pull-right btn-primary\" id=\"form-contact-submit\" type=\"submit\" value=\"Envoyer\" \/>\n\t<\/p>\n<\/div>\n<!-- \/.form-group -->\n<div class=\"pull-left\">\n\t<div class=\"form-status\">\n\t<\/div>\n<\/div>\n<!-- \/.form-group --><p style=\"display: none !important;\" class=\"akismet-fields-container\" data-prefix=\"_wpcf7_ak_\"><label>\u0394<textarea name=\"_wpcf7_ak_hp_textarea\" cols=\"45\" rows=\"8\" maxlength=\"100\"><\/textarea><\/label><input type=\"hidden\" id=\"ak_js_1\" name=\"_wpcf7_ak_js\" value=\"101\"\/><script type=\"text\/javascript\">\n\/* <![CDATA[ *\/\ndocument.getElementById( \"ak_js_1\" ).setAttribute( \"value\", ( new Date() ).getTime() );\n\/* ]]> *\/\n<\/script>\n<\/p><div class=\"wpcf7-response-output\" aria-hidden=\"true\"><\/div>\n<\/form>\n<\/div>\n\n<p>isabelle@revistoncorps.com[\/vc_column_text][\/vc_column][vc_column width=\u00a0\u00bb1\/4\u2033][\/vc_column][\/vc_row][vc_row][vc_column width=\u00a0\u00bb1\/6\u2033][\/vc_column][vc_column width=\u00a0\u00bb2\/3\u2033][vc_column_text]<\/p>\n<h2>Comment venir ?<\/h2>\n<p>[\/vc_column_text][vc_empty_space height=\u00a0\u00bb6px\u00a0\u00bb][vc_icon icon_fontawesome=\u00a0\u00bbfa fa-wheelchair\u00a0\u00bb size=\u00a0\u00bblg\u00a0\u00bb align=\u00a0\u00bbcenter\u00a0\u00bb css_animation=\u00a0\u00bbnone\u00a0\u00bb][vc_column_text]<\/p>\n<p style=\"text-align: center;\"><em>Accessible PMR<\/em><\/p>\n<p>[\/vc_column_text][vc_tta_tabs][vc_tta_section i_icon_fontawesome=\u00a0\u00bbfa fa-train\u00a0\u00bb add_icon=\u00a0\u00bbtrue\u00a0\u00bb title=\u00a0\u00bbEn train\u00a0\u00bb tab_id=\u00a0\u00bb1507556912662-ce7b2bb8-125f\u00a0\u00bb][vc_column_text]Via la Gare de Lab\u00e8ge Village[\/vc_column_text][\/vc_tta_section][vc_tta_section i_icon_fontawesome=\u00a0\u00bbfa fa-bus\u00a0\u00bb add_icon=\u00a0\u00bbtrue\u00a0\u00bb title=\u00a0\u00bbEn bus\u00a0\u00bb tab_id=\u00a0\u00bb1507556912776-8a4c8743-b932\u2033][vc_column_text]Lignes 79 et 80 (arr\u00eat Payssi\u00e8re)[\/vc_column_text][\/vc_tta_section][vc_tta_section i_icon_fontawesome=\u00a0\u00bbfa fa-car\u00a0\u00bb add_icon=\u00a0\u00bbtrue\u00a0\u00bb title=\u00a0\u00bbEn voiture\u00a0\u00bb tab_id=\u00a0\u00bb1507557184989-e8c59b6a-14f5\u2033][vc_column_text]7d impasse de l\u2019Ancien ch\u00e2teau 31670 LABEGE<\/p>\n<p>Calculez l\u2019itin\u00e9raire pour vous y rendre avec la carte ci-dessous[\/vc_column_text][\/vc_tta_section][\/vc_tta_tabs][\/vc_column][vc_column width=\u00a0\u00bb1\/6\u2033][\/vc_column][\/vc_row][vc_row][vc_column width=\u00a0\u00bb1\/6\u2033][\/vc_column][vc_column width=\u00a0\u00bb2\/3\u2033][vc_gmaps link=\u00a0\u00bb#E-8_JTNDaWZyYW1lJTIwc3JjJTNEJTIyaHR0cHMlM0ElMkYlMkZ3d3cuZ29vZ2xlLmNvbSUyRm1hcHMlMkZlbWJlZCUzRnBiJTNEJTIxMW0xOCUyMTFtMTIlMjExbTMlMjExZDI4OTIuNzUzNDcxNjMzMjczJTIxMmQxLjUzNDEzMzAxNjMyOTU5MTYlMjEzZDQzLjUyODMzMzM3OTEyNTg3JTIxMm0zJTIxMWYwJTIxMmYwJTIxM2YwJTIxM20yJTIxMWkxMDI0JTIxMmk3NjglMjE0ZjEzLjElMjEzbTMlMjExbTIlMjExczB4MTJhZTk1OTQ2Njg3MTkxZiUyNTNBMHhmOTc4YzRmNDBjOTZjOTAxJTIxMnM3ZCUyQkltcGFzc2UlMkJkZSUyQmwlMjYlMjMzOSUzQkFuY2llbiUyQkNoJTI1QzMlMjVBMnRlYXUlMjUyQyUyQjMxNjcwJTJCTGFiJTI1QzMlMjVBOGdlJTIxNWUwJTIxM20yJTIxMXNmciUyMTJzZnIlMjE0djE1MDc1NTY3MTMxNjglMjIlMjB3aWR0aCUzRCUyMjYwMCUyMiUyMGhlaWdodCUzRCUyMjQ1MCUyMiUyMGZyYW1lYm9yZGVyJTNEJTIyMCUyMiUyMHN0eWxlJTNEJTIyYm9yZGVyJTNBMCUyMiUyMGFsbG93ZnVsbHNjcmVlbiUzRSUzQyUyRmlmcmFtZSUzRQ==\u00a0\u00bb][\/vc_column][vc_column width=\u00a0\u00bb1\/6\u2033][\/vc_column][\/vc_row]<\/p>\n","protected":false},"excerpt":{"rendered":"<p>[vc_row][vc_column width=\u00a0\u00bb1\/6\u2033][\/vc_column][vc_column width=\u00a0\u00bb2\/3\u2033][vc_column_text] Rencontrons-nous Vous pouvez r\u00e9server en ligne votre rendez-vous \u00e0 l\u2019aide du calendrier ci-dessous. Si vous avez des questions n\u2019h\u00e9sitez pas \u00e0 me contacter via le formulaire de [&hellip;]<\/p>\n","protected":false},"author":1,"featured_media":0,"parent":0,"menu_order":0,"comment_status":"closed","ping_status":"closed","template":"page-templates\/template-canvas.php","meta":{"footnotes":""},"class_list":["post-151","page","type-page","status-publish","hentry"],"_links":{"self":[{"href":"https:\/\/revistoncorps.com\/index.php\/wp-json\/wp\/v2\/pages\/151"}],"collection":[{"href":"https:\/\/revistoncorps.com\/index.php\/wp-json\/wp\/v2\/pages"}],"about":[{"href":"https:\/\/revistoncorps.com\/index.php\/wp-json\/wp\/v2\/types\/page"}],"author":[{"embeddable":true,"href":"https:\/\/revistoncorps.com\/index.php\/wp-json\/wp\/v2\/users\/1"}],"replies":[{"embeddable":true,"href":"https:\/\/revistoncorps.com\/index.php\/wp-json\/wp\/v2\/comments?post=151"}],"version-history":[{"count":18,"href":"https:\/\/revistoncorps.com\/index.php\/wp-json\/wp\/v2\/pages\/151\/revisions"}],"predecessor-version":[{"id":1168,"href":"https:\/\/revistoncorps.com\/index.php\/wp-json\/wp\/v2\/pages\/151\/revisions\/1168"}],"wp:attachment":[{"href":"https:\/\/revistoncorps.com\/index.php\/wp-json\/wp\/v2\/media?parent=151"}],"curies":[{"name":"wp","href":"https:\/\/api.w.org\/{rel}","templated":true}]}}